{"id":918,"date":"2021-04-20T18:18:26","date_gmt":"2021-04-20T21:18:26","guid":{"rendered":"http:\/\/www.paketcargo.cl\/web\/?page_id=918"},"modified":"2024-10-23T06:45:54","modified_gmt":"2024-10-23T09:45:54","slug":"politicas-de-envio","status":"publish","type":"page","link":"https:\/\/www.paketcargo.cl\/web\/politicas-de-envio\/","title":{"rendered":"Pol\u00edticas de Env\u00edo"},"content":{"rendered":"\t\t<div data-elementor-type=\"wp-page\" data-elementor-id=\"918\" class=\"elementor elementor-918\">\n\t\t\t\t\t\t<section class=\"elementor-section elementor-top-section elementor-element elementor-element-48fb6903 elementor-section-boxed elementor-section-height-default elementor-section-height-default\" data-id=\"48fb6903\" data-element_type=\"section\" data-e-type=\"section\">\n\t\t\t\t\t\t<div class=\"elementor-container elementor-column-gap-default\">\n\t\t\t\t\t<div class=\"elementor-column elementor-col-100 elementor-top-column elementor-element elementor-element-e2116ca\" data-id=\"e2116ca\" data-element_type=\"column\" data-e-type=\"column\">\n\t\t\t<div class=\"elementor-widget-wrap elementor-element-populated\">\n\t\t\t\t\t\t<div class=\"elementor-element elementor-element-d2861bc elementor-widget elementor-widget-shortcode\" data-id=\"d2861bc\" data-element_type=\"widget\" data-e-type=\"widget\" data-widget_type=\"shortcode.default\">\n\t\t\t\t<div class=\"elementor-widget-container\">\n\t\t\t\t\t\t\t<div class=\"elementor-shortcode\"><div  class=\"tatsu-gpqwu0op9l3g121v tatsu-section  tatsu-bg-overlay   tatsu-clearfix\" data-title=\"\"  data-headerscheme=\"background--dark\"><div class='tatsu-section-pad clearfix' data-padding='{\"d\":\"90px 0px 90px 0px\"}' data-padding-top='90px'><div class=\"tatsu-row-wrap  tatsu-wrap tatsu-row-one-col tatsu-row-has-one-cols tatsu-medium-gutter tatsu-reg-cols  tatsu-clearfix tatsu-gpqwu0opbcfejz25\" ><div  class=\"tatsu-row \" ><div  class=\"tatsu-column  tatsu-bg-overlay tatsu-one-col tatsu-column-image-none tatsu-column-effect-none  tatsu-gpqwu0opcr84beam\"  data-parallax-speed=\"0\" style=\"\"><div class=\"tatsu-column-inner \" ><div class=\"tatsu-column-pad-wrap\"><div class=\"tatsu-column-pad\" ><div  class=\"tatsu-module tatsu-text-block-wrap tatsu-gpqwu0ope31vyjqy  \"><div class=\"tatsu-text-inner tatsu-align-center  clearfix\" ><style>.tatsu-gpqwu0ope31vyjqy.tatsu-text-block-wrap .tatsu-text-inner{width: 100%;text-align: left;}<\/style><p><\/p>\n<p>Todo servicio de envi\u00f3 por encomendado a PAKETCARGO deber\u00e1n siempre adecuarse a las \u00a0Pol\u00edticas \u00a0de Env\u00edo, mediante la cual PAKETCARGO, en casos de extrav\u00edos o p\u00e9rdidas, pagar\u00e1 al cliente a t\u00edtulo de compensaci\u00f3n el valor total del contenido y el valor del env\u00edo contratado, bajos los limites que se se\u00f1alan y se definen en el contrato de transporte, \u00a0cuando concurran las condiciones que \u00a0se \u00a0indican a continuaci\u00f3n:<\/p>\n<p>1.- El cliente deber\u00e1 declarar siempre y obligatoriamente el contenido y valor de sus env\u00edos, el que no podr\u00e1 ser inferior a $1.000.- (mil pesos) ni superior a $3.000.000.- (tres millones\u00a0 \u00a0pesos). En caso de exceder dicho valor, PAKETCARGO no se har\u00e1 responsable sino hasta la concurrencia del mismo, esto es $3.000.000.- (tres millones\u00a0 \u00a0pesos).<\/p>\n<div class=\"wp-block-columns\">\n<div class=\"wp-block-column\" style=\"flex-basis: 100%;\">\n<p>2.- El valor y contenido deber\u00e1n ser acreditados, en caso contrario, PAKETCARGO podr\u00e1 rechazar el transporte.<\/p>\n<p>3.- PAKETCARGO podr\u00e1 requerir la verificaci\u00f3n del contenido de las encomiendas cuando estas tengan un valor declarado supera $150.000.- <em>(Ciento cincuenta mil pesos<\/em>) o contenga art\u00edculos electr\u00f3nicos o delicados. PAKETCARGO se reserva el derecho a rechazar el transporte de aquellos envoltorios o paquetes cuyo contenido no se le permita ser revisado.<\/p>\n<p>4.- Para los retiros en \u00a0\u00a0sucursales, PAKETCARGO \u00a0\u00a0requerir\u00e1 la recepci\u00f3n conforme \u00a0\u00a0\u00a0\u00a0\u00a0de las encomiendas, especialmente respecto de aquellas que se encuentran en la condici\u00f3n indicada en el numeral anterior. En \u00a0\u00a0caso el destinatario no verifique el contenido de estas al momento de la entrega, deber\u00e1 suscribir una declaraci\u00f3n liberando a PAKETCARGO de responsabilidad respecto de cualquier reclamo relativo al contenido de la referida encomienda.<\/p>\n<p>5.- En caso de extrav\u00edo, p\u00e9rdidas, robo, hurto o da\u00f1os totales que sean declarados \u00a0por PAKETCARGO de \u00a0acuerdo a sus canales de atenci\u00f3n, el cliente recibir\u00e1 una compensaci\u00f3n \u00fanica y total, correspondiente al valor declarado del contenido m\u00e1s el valor del servicio pagado. En caso de mermas o da\u00f1os parciales, la indemnizaci\u00f3n considerar\u00e1 el valor de el o los objetos extraviados o da\u00f1ados, o bien, su totalidad cuando estos no sean recuperables o reemplazables. En ning\u00fan caso superar la suma se\u00f1alada en la clausula primera y de acuerdo la aplicaci\u00f3n del contrato de transporte.<\/p>\n<p><a href=\"http:\/\/www.paketcargo.cl\/web\/condiciones-de-servicio\/\">REVISA TAMBIEN NUESTRAS CONDICIONES DE SERVICIO<\/a><br \/><br \/><\/p>\n<p><\/p>\n<\/div>\n<p><!-- \/wp:column --><\/p>\n<\/div>\n<p><!-- \/wp:columns --><\/p><\/div><\/div><\/div><\/div><div class = \"tatsu-column-bg-image-wrap\"><div class = \"tatsu-column-bg-image\" ><\/div><\/div><div class=\"tatsu-overlay tatsu-column-overlay tatsu-animate-none\" ><\/div><\/div><style>.tatsu-row > .tatsu-gpqwu0opcr84beam.tatsu-column{width: 100%;}.tatsu-gpqwu0opcr84beam.tatsu-column > .tatsu-column-inner > .tatsu-column-overlay{mix-blend-mode: normal;}.tatsu-gpqwu0opcr84beam > .tatsu-column-inner > .tatsu-top-divider{z-index: 9999;}.tatsu-gpqwu0opcr84beam > .tatsu-column-inner > .tatsu-bottom-divider{z-index: 9999;}.tatsu-gpqwu0opcr84beam > .tatsu-column-inner > .tatsu-left-divider{z-index: 9999;}.tatsu-gpqwu0opcr84beam > .tatsu-column-inner > .tatsu-right-divider{z-index: 9999;}<\/style><\/div><\/div><\/div><\/div><div class=\"tatsu-section-background-wrap\"><div class = \"tatsu-section-background\" ><\/div><\/div><div class=\"tatsu-overlay tatsu-section-overlay\"><\/div><style>.tatsu-gpqwu0op9l3g121v .tatsu-section-pad{padding: 90px 0px 90px 0px;}.tatsu-gpqwu0op9l3g121v > .tatsu-bottom-divider{z-index: 9999;}.tatsu-gpqwu0op9l3g121v > .tatsu-top-divider{z-index: 9999;}.tatsu-gpqwu0op9l3g121v .tatsu-section-overlay{mix-blend-mode: normal;}<\/style><\/div><\/div>\n\t\t\t\t\t\t<\/div>\n\t\t\t\t<\/div>\n\t\t\t\t<div class=\"elementor-element elementor-element-4e845ce elementor-widget elementor-widget-html\" data-id=\"4e845ce\" data-element_type=\"widget\" data-e-type=\"widget\" data-widget_type=\"html.default\">\n\t\t\t\t<div class=\"elementor-widget-container\">\n\t\t\t\t\t<a href=\"https:\/\/bluemarlinmanta.com\/\" style=\"color: #dfdfdf;\">capitaltoto<\/a>\t\t\t\t<\/div>\n\t\t\t\t<\/div>\n\t\t\t\t\t<\/div>\n\t\t<\/div>\n\t\t\t\t\t<\/div>\n\t\t<\/section>\n\t\t\t\t<\/div>\n\t\t","protected":false},"excerpt":{"rendered":"<p>capitaltoto<\/p>\n","protected":false},"author":1,"featured_media":0,"parent":0,"menu_order":0,"comment_status":"closed","ping_status":"closed","template":"","meta":{"_joinchat":[],"footnotes":""},"class_list":["post-918","page","type-page","status-publish","hentry"],"_links":{"self":[{"href":"https:\/\/www.paketcargo.cl\/web\/wp-json\/wp\/v2\/pages\/918","targetHints":{"allow":["GET"]}}],"collection":[{"href":"https:\/\/www.paketcargo.cl\/web\/wp-json\/wp\/v2\/pages"}],"about":[{"href":"https:\/\/www.paketcargo.cl\/web\/wp-json\/wp\/v2\/types\/page"}],"author":[{"embeddable":true,"href":"https:\/\/www.paketcargo.cl\/web\/wp-json\/wp\/v2\/users\/1"}],"replies":[{"embeddable":true,"href":"https:\/\/www.paketcargo.cl\/web\/wp-json\/wp\/v2\/comments?post=918"}],"version-history":[{"count":7,"href":"https:\/\/www.paketcargo.cl\/web\/wp-json\/wp\/v2\/pages\/918\/revisions"}],"predecessor-version":[{"id":1003,"href":"https:\/\/www.paketcargo.cl\/web\/wp-json\/wp\/v2\/pages\/918\/revisions\/1003"}],"wp:attachment":[{"href":"https:\/\/www.paketcargo.cl\/web\/wp-json\/wp\/v2\/media?parent=918"}],"curies":[{"name":"wp","href":"https:\/\/api.w.org\/{rel}","templated":true}]}}